{"id":35,"date":"2025-04-02T10:53:56","date_gmt":"2025-04-02T13:53:56","guid":{"rendered":"https:\/\/dodgerblue-panther-712033.hostingersite.com\/?page_id=35"},"modified":"2025-05-19T10:04:37","modified_gmt":"2025-05-19T13:04:37","slug":"landing-page","status":"publish","type":"page","link":"https:\/\/wp.imsolar.com.br\/","title":{"rendered":"P\u00e1gina Inicial"},"content":{"rendered":"\t\t<div data-elementor-type=\"wp-page\" data-elementor-id=\"35\" class=\"elementor elementor-35\">\n\t\t\t\t<div class=\"elementor-element elementor-element-7ed2464 e-con-full e-flex e-con e-parent\" data-id=\"7ed2464\" data-element_type=\"container\" data-e-type=\"container\" data-settings=\"{&quot;position&quot;:&quot;absolute&quot;}\">\n\t\t\t\t<div class=\"elementor-element elementor-element-e689077 elementor-widget elementor-widget-custom_header\" data-id=\"e689077\" data-element_type=\"widget\" data-e-type=\"widget\" data-widget_type=\"custom_header.default\">\n\t\t\t\t<div class=\"elementor-widget-container\">\n\t\t\t\t\t        <header id=\"header\">\n            <div class=\"container\">\n                <div id=\"logo\" class=\"pull-left\">\n                    <a href=\"#hero\" title=\"Link In\u00edcio\">\n                        <img decoding=\"async\" src=\"http:\/\/wp.imsolar.com.br\/wp-content\/uploads\/2025\/03\/cropped-logo.png\" alt=\"Logo IM Solar\">\n                    <\/a>\n                <\/div>\n\n                <nav id=\"nav-menu-container\">\n                    <ul class=\"nav-menu\">\n                                                    <li>\n                                <a href=\"#hero\">\n                                    In\u00edcio                                <\/a>\n                            <\/li>\n                                                    <li>\n                                <a href=\"#services\">\n                                    Nossos servi\u00e7os                                <\/a>\n                            <\/li>\n                                                    <li>\n                                <a href=\"#contato\">\n                                    Contato                                <\/a>\n                            <\/li>\n                                            <\/ul>\n                <\/nav>\n            <\/div>\n        <\/header>\n\n        <a href=\"#\" class=\"back-to-top\" title=\"Bot\u00e3o para voltar para topo da p\u00e1gina\"><i class=\"fa fa-chevron-up\"><\/i><\/a>\n\n        \t\t\t\t<\/div>\n\t\t\t\t<\/div>\n\t\t\t\t<\/div>\n\t\t<div class=\"elementor-element elementor-element-a72a459 e-flex e-con-boxed e-con e-parent\" data-id=\"a72a459\" data-element_type=\"container\" data-e-type=\"container\">\n\t\t\t\t\t<div class=\"e-con-inner\">\n\t\t\t\t<div class=\"elementor-element elementor-element-7de6ade elementor-widget__width-inherit elementor-widget elementor-widget-hero_widget\" data-id=\"7de6ade\" data-element_type=\"widget\" data-e-type=\"widget\" data-widget_type=\"hero_widget.default\">\n\t\t\t\t<div class=\"elementor-widget-container\">\n\t\t\t\t\t        <style>\n            #hero {\n                background: url('http:\/\/wp.imsolar.com.br\/wp-content\/uploads\/2025\/03\/banner-solar-webp.webp') top center;\n                background-size: cover;\n                position: relative;\n            }\n        <\/style>\n        <section id=\"hero\">\n            <div class=\"hero-container\">\n                <h1 class=\"title\">IM Solar - Projetos El\u00e9tricos<\/h1>\n                <h2 class=\"subtitle\">Energia Inteligente, Solu\u00e7\u00f5es Confi\u00e1veis<\/h2>\n                <h2 class=\"description\">Somos especialistas em solu\u00e7\u00f5es de engenharia el\u00e9trica, energia solar e carregadores veiculares. Atendemos resid\u00eancias, com\u00e9rcios, ind\u00fastrias e condom\u00ednios com projetos personalizados, homologa\u00e7\u00f5es e instala\u00e7\u00f5es completas.<\/h2>\n                <div class=\"row justify-content-center wow fadeInUp hero-btns\">\n                                            <div class=\"hero-btn\">\n                            <div class=\"icon\">\n                                <i class=\"fab fa-whatsapp\" aria-hidden=\"true\"><\/i>\n                            <\/div>\n                            <div class=\"text\">\n                                <a href=\"https:\/\/api.whatsapp.com\/send?phone=558897429128&#038;text=Oi&#038;source=&#038;data=\" target=\"_blank\"\n                                    class=\"btn-get-started\">\n                                    Fale com nossos consultores                                <\/a>\n                            <\/div>\n                        <\/div>\n                                    <\/div>\n            <\/div>\n        <\/section>\n        \t\t\t\t<\/div>\n\t\t\t\t<\/div>\n\t\t\t\t\t<\/div>\n\t\t\t\t<\/div>\n\t\t<div class=\"elementor-element elementor-element-d112ee7 e-con-full e-flex e-con e-parent\" data-id=\"d112ee7\" data-element_type=\"container\" data-e-type=\"container\" id=\"services\" data-settings=\"{&quot;background_background&quot;:&quot;classic&quot;}\">\n\t\t<div class=\"elementor-element elementor-element-8981e7b e-con-full e-flex e-con e-child\" data-id=\"8981e7b\" data-element_type=\"container\" data-e-type=\"container\">\n\t\t\t\t<div class=\"elementor-element elementor-element-8fc885b elementor-widget elementor-widget-heading\" data-id=\"8fc885b\" data-element_type=\"widget\" data-e-type=\"widget\" data-widget_type=\"heading.default\">\n\t\t\t\t<div class=\"elementor-widget-container\">\n\t\t\t\t\t<h2 class=\"elementor-heading-title elementor-size-default\">NOSSOS SERVI\u00c7OS<\/h2>\t\t\t\t<\/div>\n\t\t\t\t<\/div>\n\t\t\t\t<div class=\"elementor-element elementor-element-e8287fe elementor-widget elementor-widget-heading\" data-id=\"e8287fe\" data-element_type=\"widget\" data-e-type=\"widget\" data-widget_type=\"heading.default\">\n\t\t\t\t<div class=\"elementor-widget-container\">\n\t\t\t\t\t<p class=\"elementor-heading-title elementor-size-default\">Conhe\u00e7a nossos servi\u00e7os!<\/p>\t\t\t\t<\/div>\n\t\t\t\t<\/div>\n\t\t\t\t<\/div>\n\t\t\t\t<div class=\"elementor-element elementor-element-e48e6d9 elementor-widget elementor-widget-custom_services\" data-id=\"e48e6d9\" data-element_type=\"widget\" data-e-type=\"widget\" data-widget_type=\"custom_services.default\">\n\t\t\t\t<div class=\"elementor-widget-container\">\n\t\t\t\t\t        <section class=\"services\">\n            <div class=\"container\">\n                <div class=\"row\">\n                                            <div class=\"col-lg-6 col-md-6\">\n                            <div class=\"box\">\n                                <div class=\"icon\"><i class=\"fas fa-solar-panel\">\n                                                                            <\/i><\/div>\n                                <h4 class=\"title\">Energia Solar Fotovoltaica<\/h4>\n                                <p class=\"description\">Projeto e execu\u00e7\u00e3o de sistemas de gera\u00e7\u00e3o solar fotovoltaica residencial ou comercial. Homologa\u00e7\u00e3o junto a ENEL.<\/p>\n                            <\/div>\n                        <\/div>\n                                            <div class=\"col-lg-6 col-md-6\">\n                            <div class=\"box\">\n                                <div class=\"icon\"><i class=\"fa fa-plug\">\n                                                                            <\/i><\/div>\n                                <h4 class=\"title\">Carregador Veicular<\/h4>\n                                <p class=\"description\">Projeto e Instala\u00e7\u00e3o de Carregador Veicular seguindo todas as normas de seguran\u00e7a para garantir uma recarga r\u00e1pida e sem riscos aos usu\u00e1rios.<\/p>\n                            <\/div>\n                        <\/div>\n                                            <div class=\"col-lg-6 col-md-6\">\n                            <div class=\"box\">\n                                <div class=\"icon\"><i class=\"fa-building\">\n                                                                            <\/i><\/div>\n                                <h4 class=\"title\">Consultoria em Condom\u00ednios<\/h4>\n                                <p class=\"description\">Solu\u00e7\u00f5es em Engenharia El\u00e9trica para Condom\u00ednios. An\u00e1lise de demanda, manuten\u00e7\u00e3o e reformas.<\/p>\n                            <\/div>\n                        <\/div>\n                                            <div class=\"col-lg-6 col-md-6\">\n                            <div class=\"box\">\n                                <div class=\"icon\"><i class=\"fa fa-plug\">\n                                                                            <\/i><\/div>\n                                <h4 class=\"title\">Projeto Padr\u00e3o de Entrada ENEL<\/h4>\n                                <p class=\"description\">Projetos para padr\u00e3o de entrada de energia ENEL-CE, medi\u00e7\u00e3o coletiva e subesta\u00e7\u00e3o.<\/p>\n                            <\/div>\n                        <\/div>\n                                            <div class=\"col-lg-6 col-md-6\">\n                            <div class=\"box\">\n                                <div class=\"icon\"><i class=\"fas fa-broadcast-tower\">\n                                                                            <\/i><\/div>\n                                <h4 class=\"title\">Projeto SPDA<\/h4>\n                                <p class=\"description\">Projeto de Sistema de Prote\u00e7\u00e3o contra Descargas Atmosf\u00e9ricas, proteja seus colaboradores, sua edifica\u00e7\u00e3o e equipamentos.<\/p>\n                            <\/div>\n                        <\/div>\n                                            <div class=\"col-lg-6 col-md-6\">\n                            <div class=\"box\">\n                                <div class=\"icon\"><i class=\"icon-ground\">\n                                        \u23da                                    <\/i><\/div>\n                                <h4 class=\"title\">Laudo de Aterramento<\/h4>\n                                <p class=\"description\">Laudo de aterramento conforme NBR 5410, NR10 e NR18.<\/p>\n                            <\/div>\n                        <\/div>\n                                    <\/div>\n            <\/div>\n        <\/section>\n        \t\t\t\t<\/div>\n\t\t\t\t<\/div>\n\t\t\t\t<\/div>\n\t\t<div class=\"elementor-element elementor-element-6646651 e-con-full e-flex e-con e-parent\" data-id=\"6646651\" data-element_type=\"container\" data-e-type=\"container\" id=\"contato\">\n\t\t<div class=\"elementor-element elementor-element-3f46df3 e-con-full e-flex e-con e-child\" data-id=\"3f46df3\" data-element_type=\"container\" data-e-type=\"container\">\n\t\t\t\t<div class=\"elementor-element elementor-element-259a4b8 elementor-widget elementor-widget-heading\" data-id=\"259a4b8\" data-element_type=\"widget\" data-e-type=\"widget\" data-widget_type=\"heading.default\">\n\t\t\t\t<div class=\"elementor-widget-container\">\n\t\t\t\t\t<h2 class=\"elementor-heading-title elementor-size-default\">CONTATO<\/h2>\t\t\t\t<\/div>\n\t\t\t\t<\/div>\n\t\t\t\t<div class=\"elementor-element elementor-element-87fdf63 elementor-widget elementor-widget-heading\" data-id=\"87fdf63\" data-element_type=\"widget\" data-e-type=\"widget\" data-widget_type=\"heading.default\">\n\t\t\t\t<div class=\"elementor-widget-container\">\n\t\t\t\t\t<h3 class=\"elementor-heading-title elementor-size-default\">Entre em contato conosco!<\/h3>\t\t\t\t<\/div>\n\t\t\t\t<\/div>\n\t\t\t\t<\/div>\n\t\t<div class=\"elementor-element elementor-element-e8cde38 e-con-full e-flex e-con e-child\" data-id=\"e8cde38\" data-element_type=\"container\" data-e-type=\"container\">\n\t\t\t\t<div class=\"elementor-element elementor-element-545b58e elementor-widget elementor-widget-google_maps\" data-id=\"545b58e\" data-element_type=\"widget\" data-e-type=\"widget\" data-widget_type=\"google_maps.default\">\n\t\t\t\t<div class=\"elementor-widget-container\">\n\t\t\t\t\t\t\t<div class=\"elementor-custom-embed\">\n\t\t\t<iframe loading=\"lazy\"\n\t\t\t\t\tsrc=\"https:\/\/maps.google.com\/maps?q=Rua%20Domingos%20Ol%C3%ADmpio%2C%20315%2C%20Sobral-CE&#038;t=m&#038;z=14&#038;output=embed&#038;iwloc=near\"\n\t\t\t\t\ttitle=\"Rua Domingos Ol\u00edmpio, 315, Sobral-CE\"\n\t\t\t\t\taria-label=\"Rua Domingos Ol\u00edmpio, 315, Sobral-CE\"\n\t\t\t><\/iframe>\n\t\t<\/div>\n\t\t\t\t\t\t<\/div>\n\t\t\t\t<\/div>\n\t\t\t\t<\/div>\n\t\t\t\t<\/div>\n\t\t<div class=\"elementor-element elementor-element-24288a6 e-flex e-con-boxed e-con e-parent\" data-id=\"24288a6\" data-element_type=\"container\" data-e-type=\"container\">\n\t\t\t\t\t<div class=\"e-con-inner\">\n\t\t\t\t<div class=\"elementor-element elementor-element-af54d49 elementor-widget elementor-widget-custom_contact_widget\" data-id=\"af54d49\" data-element_type=\"widget\" data-e-type=\"widget\" data-widget_type=\"custom_contact_widget.default\">\n\t\t\t\t<div class=\"elementor-widget-container\">\n\t\t\t\t\t        <div class=\"contact\">\n                            <div class=\"contact-item\">\n                    <i class=\"fa fa-envelope\"><\/i>\n                    <a href=\"mailto:contato@email.com\" target=\"_blank\" rel=\"noopener\">\n                        contato@imsolar.com.br                    <\/a>\n                <\/div>\n                            <div class=\"contact-item\">\n                    <i class=\"fa fa-phone\"><\/i>\n                    <a href=\"tel:+5588997459128\" target=\"_blank\" rel=\"noopener\">\n                        (88) 99742-9128                    <\/a>\n                <\/div>\n            \n            <div class=\"social-links\">\n                                    <a href=\"https:\/\/api.whatsapp.com\/send?phone=558897429128&#038;text=Oi&#038;source=&#038;data=\"\n                        target=\"_blank\" rel=\"noopener\">\n                        <i class=\"fab fa-whatsapp\"><\/i>\n                    <\/a>\n                                    <a href=\"https:\/\/www.instagram.com\/solar_im\/\"\n                        target=\"_blank\" rel=\"noopener\">\n                        <i class=\"fab fa-instagram\"><\/i>\n                    <\/a>\n                            <\/div>\n        <\/div>\n        \t\t\t\t<\/div>\n\t\t\t\t<\/div>\n\t\t\t\t\t<\/div>\n\t\t\t\t<\/div>\n\t\t<div class=\"elementor-element elementor-element-7646805 e-flex e-con-boxed e-con e-parent\" data-id=\"7646805\" data-element_type=\"container\" data-e-type=\"container\">\n\t\t\t\t\t<div class=\"e-con-inner\">\n\t\t\t\t<div class=\"elementor-element elementor-element-e610f0c elementor-widget__width-initial elementor-widget elementor-widget-custom_footer\" data-id=\"e610f0c\" data-element_type=\"widget\" data-e-type=\"widget\" data-widget_type=\"custom_footer.default\">\n\t\t\t\t<div class=\"elementor-widget-container\">\n\t\t\t\t\t\n\n<div id=\"footer\" class=\"wp-block-group is-layout-flow wp-block-group-is-layout-flow\" style=\"padding-top:30px;padding-bottom:30px;\">\n\n\t\n\t<div class=\"wp-block-group alignwide is-layout-flow wp-block-group-is-layout-flow\" style=\"display: flex; align-items: center; justify-content: center;\">\n\n\t\t<div class=\"wp-block-group\">\n\t\t\t\n\t\t\t<div class=\"copyright has-small-font-size\">\n\t\t\t\t&copy; Copyright <strong><h10 class=\"wp-block-site-title\"><a href=\"https:\/\/wp.imsolar.com.br\" target=\"_self\" rel=\"home\">IM Solar - Projetos El\u00e9tricos<\/a><\/h10><\/strong>. Todos os direitos reservados\n\t\t\t<\/div>\n\t\t\t\n\n\t\t\t<div class=\"credits\">\n\t\t\t\tDesenvolvido por <a href=\"https:\/\/github.com\/izaiasmachado\" target=\"_blank\" rel=\"noopener noreferrer\">Izaias Machado<\/a>\t\t\t<\/div>\n\t\t\t\n\t\t<\/div>\n\n\t<\/div>\n\t\n\n<\/div>\n<!-- \/wp:group -->\t\t\t\t<\/div>\n\t\t\t\t<\/div>\n\t\t\t\t\t<\/div>\n\t\t\t\t<\/div>\n\t\t\t\t<\/div>\n\t\t","protected":false},"excerpt":{"rendered":"<p>In\u00edcio Nossos servi\u00e7os Contato IM Solar &#8211; Projetos El\u00e9tricos Energia Inteligente, Solu\u00e7\u00f5es Confi\u00e1veis Somos especialistas em solu\u00e7\u00f5es de engenharia el\u00e9trica, energia solar e carregadores veiculares. Atendemos resid\u00eancias, com\u00e9rcios, ind\u00fastrias e condom\u00ednios com projetos personalizados, homologa\u00e7\u00f5es e instala\u00e7\u00f5es completas. Fale com nossos consultores NOSSOS SERVI\u00c7OS Conhe\u00e7a nossos servi\u00e7os! Energia Solar Fotovoltaica Projeto e execu\u00e7\u00e3o de sistemas [&hellip;]<\/p>\n","protected":false},"author":3,"featured_media":0,"parent":0,"menu_order":0,"comment_status":"closed","ping_status":"closed","template":"elementor_canvas","meta":{"footnotes":""},"class_list":["post-35","page","type-page","status-publish","hentry"],"aioseo_notices":[],"_links":{"self":[{"href":"https:\/\/wp.imsolar.com.br\/index.php?rest_route=\/wp\/v2\/pages\/35","targetHints":{"allow":["GET"]}}],"collection":[{"href":"https:\/\/wp.imsolar.com.br\/index.php?rest_route=\/wp\/v2\/pages"}],"about":[{"href":"https:\/\/wp.imsolar.com.br\/index.php?rest_route=\/wp\/v2\/types\/page"}],"author":[{"embeddable":true,"href":"https:\/\/wp.imsolar.com.br\/index.php?rest_route=\/wp\/v2\/users\/3"}],"replies":[{"embeddable":true,"href":"https:\/\/wp.imsolar.com.br\/index.php?rest_route=%2Fwp%2Fv2%2Fcomments&post=35"}],"version-history":[{"count":167,"href":"https:\/\/wp.imsolar.com.br\/index.php?rest_route=\/wp\/v2\/pages\/35\/revisions"}],"predecessor-version":[{"id":321,"href":"https:\/\/wp.imsolar.com.br\/index.php?rest_route=\/wp\/v2\/pages\/35\/revisions\/321"}],"wp:attachment":[{"href":"https:\/\/wp.imsolar.com.br\/index.php?rest_route=%2Fwp%2Fv2%2Fmedia&parent=35"}],"curies":[{"name":"wp","href":"https:\/\/api.w.org\/{rel}","templated":true}]}}